{"id":7696,"date":"2026-03-01T21:24:50","date_gmt":"2026-03-02T00:24:50","guid":{"rendered":"https:\/\/guia-pilar.ar\/domus\/?page_id=7696"},"modified":"2026-03-01T22:03:32","modified_gmt":"2026-03-02T01:03:32","slug":"servicios","status":"publish","type":"page","link":"https:\/\/guia-pilar.ar\/domus\/servicios\/","title":{"rendered":"Servicios"},"content":{"rendered":"\t\t<div data-elementor-type=\"wp-page\" data-elementor-id=\"7696\" class=\"elementor elementor-7696\">\n\t\t\t\t<div class=\"elementor-element elementor-element-4059abe e-con-full e-flex e-con e-parent\" data-id=\"4059abe\" data-element_type=\"container\" data-e-type=\"container\">\n\t\t<div class=\"elementor-element elementor-element-3cf2ecf e-con-full e-flex e-con e-child\" data-id=\"3cf2ecf\" data-element_type=\"container\" data-e-type=\"container\" data-settings=\"{&quot;background_background&quot;:&quot;classic&quot;}\">\n\t\t\t\t<div class=\"elementor-element elementor-element-0240687 elementor-invisible elementor-widget elementor-widget-heading\" data-id=\"0240687\" data-element_type=\"widget\" data-e-type=\"widget\" data-settings=\"{&quot;_animation&quot;:&quot;slideInDown&quot;}\" data-widget_type=\"heading.default\">\n\t\t\t\t<div class=\"elementor-widget-container\">\n\t\t\t\t\t<h1 class=\"elementor-heading-title elementor-size-default\">Servicios<\/h1>\t\t\t\t<\/div>\n\t\t\t\t<\/div>\n\t\t\t\t<\/div>\n\t\t\t\t<\/div>\n\t\t<div class=\"elementor-element elementor-element-69542ca e-flex e-con-boxed e-con e-parent\" data-id=\"69542ca\" data-element_type=\"container\" data-e-type=\"container\">\n\t\t\t\t\t<div class=\"e-con-inner\">\n\t\t<div class=\"elementor-element elementor-element-ec4cf99 e-flex e-con-boxed e-con e-child\" data-id=\"ec4cf99\" data-element_type=\"container\" data-e-type=\"container\">\n\t\t\t\t\t<div class=\"e-con-inner\">\n\t\t<div class=\"elementor-element elementor-element-b26d622 e-con-full e-flex e-con e-child\" data-id=\"b26d622\" data-element_type=\"container\" data-e-type=\"container\" data-settings=\"{&quot;background_background&quot;:&quot;classic&quot;}\">\n\t\t\t\t<div class=\"elementor-element elementor-element-69a5b66 elementor-widget elementor-widget-heading\" data-id=\"69a5b66\" data-element_type=\"widget\" data-e-type=\"widget\" data-widget_type=\"heading.default\">\n\t\t\t\t<div class=\"elementor-widget-container\">\n\t\t\t\t\t<h2 class=\"elementor-heading-title elementor-size-default\">Experiencia y profesionalismo a su servicio<\/h2>\t\t\t\t<\/div>\n\t\t\t\t<\/div>\n\t\t\t\t<\/div>\n\t\t<div class=\"elementor-element elementor-element-b9400cc e-con-full e-flex e-con e-child\" data-id=\"b9400cc\" data-element_type=\"container\" data-e-type=\"container\">\n\t\t\t\t<div class=\"elementor-element elementor-element-7d58195 elementor-align-justify elementor-widget elementor-widget-button\" data-id=\"7d58195\" data-element_type=\"widget\" data-e-type=\"widget\" data-widget_type=\"button.default\">\n\t\t\t\t<div class=\"elementor-widget-container\">\n\t\t\t\t\t\t\t\t\t<div class=\"elementor-button-wrapper\">\n\t\t\t\t\t<a class=\"elementor-button elementor-button-link elementor-size-sm\" href=\"#\">\n\t\t\t\t\t\t<span class=\"elementor-button-content-wrapper\">\n\t\t\t\t\t\t<span class=\"elementor-button-icon\">\n\t\t\t\t<i aria-hidden=\"true\" class=\"fab fa-whatsapp\"><\/i>\t\t\t<\/span>\n\t\t\t\t\t\t\t\t\t<span class=\"elementor-button-text\">CONTACTO<\/span>\n\t\t\t\t\t<\/span>\n\t\t\t\t\t<\/a>\n\t\t\t\t<\/div>\n\t\t\t\t\t\t\t\t<\/div>\n\t\t\t\t<\/div>\n\t\t\t\t<\/div>\n\t\t\t\t\t<\/div>\n\t\t\t\t<\/div>\n\t\t\t\t\t<\/div>\n\t\t\t\t<\/div>\n\t\t<div class=\"elementor-element elementor-element-268f8a7 e-flex e-con-boxed e-con e-parent\" data-id=\"268f8a7\" data-element_type=\"container\" data-e-type=\"container\">\n\t\t\t\t\t<div class=\"e-con-inner\">\n\t\t<div class=\"elementor-element elementor-element-22055a4 e-con-full e-flex e-con e-child\" data-id=\"22055a4\" data-element_type=\"container\" data-e-type=\"container\">\n\t\t\t\t<div class=\"elementor-element elementor-element-6ed4007 elementor-widget elementor-widget-heading\" data-id=\"6ed4007\" data-element_type=\"widget\" data-e-type=\"widget\" data-widget_type=\"heading.default\">\n\t\t\t\t<div class=\"elementor-widget-container\">\n\t\t\t\t\t<h2 class=\"elementor-heading-title elementor-size-default\">Compra, Venta y Alquiler\nen Zona Norte y Oeste<\/h2>\t\t\t\t<\/div>\n\t\t\t\t<\/div>\n\t\t\t\t<div class=\"elementor-element elementor-element-3c1c428 elementor-widget elementor-widget-text-editor\" data-id=\"3c1c428\" data-element_type=\"widget\" data-e-type=\"widget\" data-widget_type=\"text-editor.default\">\n\t\t\t\t<div class=\"elementor-widget-container\">\n\t\t\t\t\t\t\t\t\tAbarcamos un amplio portfolio de inmuebles residenciales y comerciales en los principales puntos de Zona Norte y Zona Oeste del GBA. Desde un departamento en Ciudad Jard\u00edn hasta un local comercial en Tres de Febrero. Nuestra metodolog\u00eda combina el conocimiento del mercado local con recursos tecnol\u00f3gicos para lograr una mayor celeridad y eficiencia en la concreci\u00f3n de tu negocio.\t\t\t\t\t\t\t\t<\/div>\n\t\t\t\t<\/div>\n\t\t\t\t<\/div>\n\t\t<div class=\"elementor-element elementor-element-9ed8a14 e-con-full e-flex e-con e-child\" data-id=\"9ed8a14\" data-element_type=\"container\" data-e-type=\"container\">\n\t\t\t\t<div class=\"elementor-element elementor-element-b78cac8 elementor-widget elementor-widget-heading\" data-id=\"b78cac8\" data-element_type=\"widget\" data-e-type=\"widget\" data-widget_type=\"heading.default\">\n\t\t\t\t<div class=\"elementor-widget-container\">\n\t\t\t\t\t<h2 class=\"elementor-heading-title elementor-size-default\">Tasaciones profesionales\ncon precisi\u00f3n metodol\u00f3gica<\/h2>\t\t\t\t<\/div>\n\t\t\t\t<\/div>\n\t\t\t\t<div class=\"elementor-element elementor-element-7dba490 elementor-widget elementor-widget-text-editor\" data-id=\"7dba490\" data-element_type=\"widget\" data-e-type=\"widget\" data-widget_type=\"text-editor.default\">\n\t\t\t\t<div class=\"elementor-widget-container\">\n\t\t\t\t\t\t\t\t\tConoc\u00e9 el verdadero valor de tus bienes. No se trata de estimaciones subjetivas; realizamos tasaciones con rigor t\u00e9cnico y metodol\u00f3gico, respaldadas por mi expertise como Tasador y Abogado. Un informe de tasaci\u00f3n preciso es la base para una venta exitosa, una gesti\u00f3n judicial eficaz o una planificaci\u00f3n patrimonial inteligente.\t\t\t\t\t\t\t\t<\/div>\n\t\t\t\t<\/div>\n\t\t\t\t<\/div>\n\t\t<div class=\"elementor-element elementor-element-c87c86f e-con-full e-flex e-con e-child\" data-id=\"c87c86f\" data-element_type=\"container\" data-e-type=\"container\">\n\t\t\t\t<div class=\"elementor-element elementor-element-715e1c5 elementor-widget elementor-widget-heading\" data-id=\"715e1c5\" data-element_type=\"widget\" data-e-type=\"widget\" data-widget_type=\"heading.default\">\n\t\t\t\t<div class=\"elementor-widget-container\">\n\t\t\t\t\t<h2 class=\"elementor-heading-title elementor-size-default\">Tu Proyecto, Resguardado\npor Nuestro Compromiso<\/h2>\t\t\t\t<\/div>\n\t\t\t\t<\/div>\n\t\t\t\t<div class=\"elementor-element elementor-element-baaaa59 elementor-widget elementor-widget-text-editor\" data-id=\"baaaa59\" data-element_type=\"widget\" data-e-type=\"widget\" data-widget_type=\"text-editor.default\">\n\t\t\t\t<div class=\"elementor-widget-container\">\n\t\t\t\t\t\t\t\t\t<p>La experiencia se potencia con innovaci\u00f3n. Implementamos herramientas tecnol\u00f3gicas de vanguardia para agilizar procesos, desde visitas virtuales inmersivas hasta sistemas de gesti\u00f3n que optimizan la b\u00fasqueda de propiedades. Esto se traduce en mayor celeridad, eficiencia y transparencia para tu negocio.<\/p>\t\t\t\t\t\t\t\t<\/div>\n\t\t\t\t<\/div>\n\t\t\t\t<\/div>\n\t\t\t\t\t<\/div>\n\t\t\t\t<\/div>\n\t\t<div class=\"elementor-element elementor-element-4aa65c05 e-con-full e-flex e-con e-parent\" data-id=\"4aa65c05\" data-element_type=\"container\" data-e-type=\"container\" data-settings=\"{&quot;background_background&quot;:&quot;classic&quot;}\">\n\t\t\t\t<div class=\"elementor-element elementor-element-311307d8 elementor-widget elementor-widget-heading\" data-id=\"311307d8\" data-element_type=\"widget\" data-e-type=\"widget\" data-widget_type=\"heading.default\">\n\t\t\t\t<div class=\"elementor-widget-container\">\n\t\t\t\t\t<h3 class=\"elementor-heading-title elementor-size-default\">M\u00e1s de 20 a\u00f1os de trayectoria profesional en Zona Oeste y Norte del Gran Buenos Aires<\/h3>\t\t\t\t<\/div>\n\t\t\t\t<\/div>\n\t\t\t\t<div class=\"elementor-element elementor-element-14b54edd elementor-align-center elementor-widget elementor-widget-button\" data-id=\"14b54edd\" data-element_type=\"widget\" data-e-type=\"widget\" data-widget_type=\"button.default\">\n\t\t\t\t<div class=\"elementor-widget-container\">\n\t\t\t\t\t\t\t\t\t<div class=\"elementor-button-wrapper\">\n\t\t\t\t\t<a class=\"elementor-button elementor-button-link elementor-size-sm\" href=\"#\">\n\t\t\t\t\t\t<span class=\"elementor-button-content-wrapper\">\n\t\t\t\t\t\t\t\t\t<span class=\"elementor-button-text\">Contacto v\u00eda WhatsAppp<\/span>\n\t\t\t\t\t<\/span>\n\t\t\t\t\t<\/a>\n\t\t\t\t<\/div>\n\t\t\t\t\t\t\t\t<\/div>\n\t\t\t\t<\/div>\n\t\t\t\t<\/div>\n\t\t<div class=\"elementor-element elementor-element-632f490 e-flex e-con-boxed e-con e-parent\" data-id=\"632f490\" data-element_type=\"container\" data-e-type=\"container\">\n\t\t\t\t\t<div class=\"e-con-inner\">\n\t\t<div class=\"elementor-element elementor-element-53e8316 e-con-full e-flex e-con e-child\" data-id=\"53e8316\" data-element_type=\"container\" data-e-type=\"container\">\n\t\t\t\t<div class=\"elementor-element elementor-element-fde3aaa elementor-widget elementor-widget-heading\" data-id=\"fde3aaa\" data-element_type=\"widget\" data-e-type=\"widget\" data-widget_type=\"heading.default\">\n\t\t\t\t<div class=\"elementor-widget-container\">\n\t\t\t\t\t<h2 class=\"elementor-heading-title elementor-size-default\">Atenci\u00f3n Personalizada\ncon Respuestas en Tiempo Real<\/h2>\t\t\t\t<\/div>\n\t\t\t\t<\/div>\n\t\t\t\t<div class=\"elementor-element elementor-element-d40d89b elementor-widget elementor-widget-text-editor\" data-id=\"d40d89b\" data-element_type=\"widget\" data-e-type=\"widget\" data-widget_type=\"text-editor.default\">\n\t\t\t\t<div class=\"elementor-widget-container\">\n\t\t\t\t\t\t\t\t\tImaginate un asesor disponible cuando lo necesit\u00e1s. Nuestro Servicio Concierge est\u00e1 dise\u00f1ado para brindarte una experiencia superior. Desde la primera consulta hasta la entrega de llaves, disfrut\u00e1s de una comunicaci\u00f3n fluida, respuestas inmediatas y una gesti\u00f3n \u00e1gil que elimina la burocracia y las esperas innecesarias.\t\t\t\t\t\t\t\t<\/div>\n\t\t\t\t<\/div>\n\t\t\t\t<\/div>\n\t\t<div class=\"elementor-element elementor-element-c41b30e e-con-full e-flex e-con e-child\" data-id=\"c41b30e\" data-element_type=\"container\" data-e-type=\"container\">\n\t\t\t\t<div class=\"elementor-element elementor-element-dba5763 elementor-widget elementor-widget-heading\" data-id=\"dba5763\" data-element_type=\"widget\" data-e-type=\"widget\" data-widget_type=\"heading.default\">\n\t\t\t\t<div class=\"elementor-widget-container\">\n\t\t\t\t\t<h2 class=\"elementor-heading-title elementor-size-default\">Asesorate y Eval\u00faa Correctamente tu Proyecto Inmobiliario<\/h2>\t\t\t\t<\/div>\n\t\t\t\t<\/div>\n\t\t\t\t<div class=\"elementor-element elementor-element-1a48e1f elementor-widget elementor-widget-text-editor\" data-id=\"1a48e1f\" data-element_type=\"widget\" data-e-type=\"widget\" data-widget_type=\"text-editor.default\">\n\t\t\t\t<div class=\"elementor-widget-container\">\n\t\t\t\t\t\t\t\t\tCada propiedad es una soluci\u00f3n a un problema o una oportunidad de crecimiento. Te ofrezco mi visi\u00f3n como abogado para que eval\u00faes correctamente los riesgos, las implicancias fiscales y las mejores estrategias de negociaci\u00f3n. No solo te ayudo a comprar o vende\t\t\t\t\t\t\t\t<\/div>\n\t\t\t\t<\/div>\n\t\t\t\t<\/div>\n\t\t<div class=\"elementor-element elementor-element-e8ef4b0 e-con-full e-flex e-con e-child\" data-id=\"e8ef4b0\" data-element_type=\"container\" data-e-type=\"container\">\n\t\t\t\t<div class=\"elementor-element elementor-element-b24b7bb elementor-widget elementor-widget-heading\" data-id=\"b24b7bb\" data-element_type=\"widget\" data-e-type=\"widget\" data-widget_type=\"heading.default\">\n\t\t\t\t<div class=\"elementor-widget-container\">\n\t\t\t\t\t<h2 class=\"elementor-heading-title elementor-size-default\">Tecnolog\u00eda Aplicada a la Gesti\u00f3n Inmobiliaria<\/h2>\t\t\t\t<\/div>\n\t\t\t\t<\/div>\n\t\t\t\t<div class=\"elementor-element elementor-element-9f970cc elementor-widget elementor-widget-text-editor\" data-id=\"9f970cc\" data-element_type=\"widget\" data-e-type=\"widget\" data-widget_type=\"text-editor.default\">\n\t\t\t\t<div class=\"elementor-widget-container\">\n\t\t\t\t\t\t\t\t\tLa experiencia se potencia con innovaci\u00f3n. Implementamos herramientas tecnol\u00f3gicas de vanguardia para agilizar procesos, desde visitas virtuales inmersivas hasta sistemas de gesti\u00f3n que optimizan la b\u00fasqueda de propiedades. Esto se traduce en mayor celeridad, eficiencia y transparencia para tu negocio.\t\t\t\t\t\t\t\t<\/div>\n\t\t\t\t<\/div>\n\t\t\t\t<\/div>\n\t\t\t\t\t<\/div>\n\t\t\t\t<\/div>\n\t\t\t\t<\/div>\n\t\t","protected":false},"excerpt":{"rendered":"<p>Servicios Experiencia y profesionalismo a su servicio CONTACTO Compra, Venta y Alquiler en Zona Norte y Oeste Abarcamos un amplio portfolio de inmuebles residenciales y comerciales en los principales puntos de Zona Norte y Zona Oeste del GBA. Desde un departamento en Ciudad Jard\u00edn hasta un local comercial en Tres de Febrero. Nuestra metodolog\u00eda combina [&hellip;]<\/p>\n","protected":false},"author":3,"featured_media":0,"parent":0,"menu_order":0,"comment_status":"closed","ping_status":"closed","template":"","meta":{"site-sidebar-layout":"no-sidebar","site-content-layout":"","ast-site-content-layout":"full-width-container","site-content-style":"default","site-sidebar-style":"default","ast-global-header-display":"","ast-banner-title-visibility":"","ast-main-header-display":"","ast-hfb-above-header-display":"","ast-hfb-below-header-display":"","ast-hfb-mobile-header-display":"","site-post-title":"disabled","ast-breadcrumbs-content":"","ast-featured-img":"disabled","footer-sml-layout":"","ast-disable-related-posts":"","theme-transparent-header-meta":"default","adv-header-id-meta":"","stick-header-meta":"","header-above-stick-meta":"","header-main-stick-meta":"","header-below-stick-meta":"","astra-migrate-meta-layouts":"set","ast-page-background-enabled":"default","ast-page-background-meta":{"desktop":{"background-color":"var(--ast-global-color-4)","background-image":"","background-repeat":"repeat","background-position":"center center","background-size":"auto","background-attachment":"scroll","background-type":"","background-media":"","overlay-type":"","overlay-color":"","overlay-opacity":"","overlay-gradient":""},"tablet":{"background-color":"","background-image":"","background-repeat":"repeat","background-position":"center center","background-size":"auto","background-attachment":"scroll","background-type":"","background-media":"","overlay-type":"","overlay-color":"","overlay-opacity":"","overlay-gradient":""},"mobile":{"background-color":"","background-image":"","background-repeat":"repeat","background-position":"center center","background-size":"auto","background-attachment":"scroll","background-type":"","background-media":"","overlay-type":"","overlay-color":"","overlay-opacity":"","overlay-gradient":""}},"ast-content-background-meta":{"desktop":{"background-color":"var(--ast-global-color-5)","background-image":"","background-repeat":"repeat","background-position":"center center","background-size":"auto","background-attachment":"scroll","background-type":"","background-media":"","overlay-type":"","overlay-color":"","overlay-opacity":"","overlay-gradient":""},"tablet":{"background-color":"var(--ast-global-color-5)","background-image":"","background-repeat":"repeat","background-position":"center center","background-size":"auto","background-attachment":"scroll","background-type":"","background-media":"","overlay-type":"","overlay-color":"","overlay-opacity":"","overlay-gradient":""},"mobile":{"background-color":"var(--ast-global-color-5)","background-image":"","background-repeat":"repeat","background-position":"center center","background-size":"auto","background-attachment":"scroll","background-type":"","background-media":"","overlay-type":"","overlay-color":"","overlay-opacity":"","overlay-gradient":""}},"_joinchat":[],"footnotes":""},"class_list":["post-7696","page","type-page","status-publish","hentry"],"_links":{"self":[{"href":"https:\/\/guia-pilar.ar\/domus\/wp-json\/wp\/v2\/pages\/7696","targetHints":{"allow":["GET"]}}],"collection":[{"href":"https:\/\/guia-pilar.ar\/domus\/wp-json\/wp\/v2\/pages"}],"about":[{"href":"https:\/\/guia-pilar.ar\/domus\/wp-json\/wp\/v2\/types\/page"}],"author":[{"embeddable":true,"href":"https:\/\/guia-pilar.ar\/domus\/wp-json\/wp\/v2\/users\/3"}],"replies":[{"embeddable":true,"href":"https:\/\/guia-pilar.ar\/domus\/wp-json\/wp\/v2\/comments?post=7696"}],"version-history":[{"count":25,"href":"https:\/\/guia-pilar.ar\/domus\/wp-json\/wp\/v2\/pages\/7696\/revisions"}],"predecessor-version":[{"id":7730,"href":"https:\/\/guia-pilar.ar\/domus\/wp-json\/wp\/v2\/pages\/7696\/revisions\/7730"}],"wp:attachment":[{"href":"https:\/\/guia-pilar.ar\/domus\/wp-json\/wp\/v2\/media?parent=7696"}],"curies":[{"name":"wp","href":"https:\/\/api.w.org\/{rel}","templated":true}]}}