{"id":15,"date":"2024-01-30T19:22:49","date_gmt":"2024-01-30T19:22:49","guid":{"rendered":"https:\/\/guia-pilar.ar\/domus\/?page_id=15"},"modified":"2024-12-08T21:03:42","modified_gmt":"2024-12-09T00:03:42","slug":"blog","status":"publish","type":"page","link":"https:\/\/guia-pilar.ar\/domus\/blog\/","title":{"rendered":"Blog"},"content":{"rendered":"\t\t<div data-elementor-type=\"wp-page\" data-elementor-id=\"15\" class=\"elementor elementor-15\">\n\t\t\t\t<div class=\"elementor-element elementor-element-4059abe e-con-full e-flex e-con e-parent\" data-id=\"4059abe\" data-element_type=\"container\" data-e-type=\"container\">\n\t\t<div class=\"elementor-element elementor-element-3cf2ecf e-con-full e-flex e-con e-child\" data-id=\"3cf2ecf\" data-element_type=\"container\" data-e-type=\"container\" data-settings=\"{&quot;background_background&quot;:&quot;slideshow&quot;,&quot;background_slideshow_gallery&quot;:[{&quot;id&quot;:1388,&quot;url&quot;:&quot;http:\\\/\\\/guia-pilar.ar\\\/domus\\\/wp-content\\\/uploads\\\/2024\\\/12\\\/186077.webp&quot;}],&quot;background_slideshow_loop&quot;:&quot;yes&quot;,&quot;background_slideshow_slide_duration&quot;:5000,&quot;background_slideshow_slide_transition&quot;:&quot;fade&quot;,&quot;background_slideshow_transition_duration&quot;:500}\">\n\t\t\t\t<div class=\"elementor-element elementor-element-0240687 elementor-invisible elementor-widget elementor-widget-heading\" data-id=\"0240687\" data-element_type=\"widget\" data-e-type=\"widget\" data-settings=\"{&quot;_animation&quot;:&quot;slideInDown&quot;}\" data-widget_type=\"heading.default\">\n\t\t\t\t<div class=\"elementor-widget-container\">\n\t\t\t\t\t<h1 class=\"elementor-heading-title elementor-size-default\">Blog<\/h1>\t\t\t\t<\/div>\n\t\t\t\t<\/div>\n\t\t\t\t<\/div>\n\t\t\t\t<\/div>\n\t\t<div class=\"elementor-element elementor-element-69542ca e-flex e-con-boxed e-con e-parent\" data-id=\"69542ca\" data-element_type=\"container\" data-e-type=\"container\">\n\t\t\t\t\t<div class=\"e-con-inner\">\n\t\t<div class=\"elementor-element elementor-element-ec4cf99 e-flex e-con-boxed e-con e-child\" data-id=\"ec4cf99\" data-element_type=\"container\" data-e-type=\"container\">\n\t\t\t\t\t<div class=\"e-con-inner\">\n\t\t<div class=\"elementor-element elementor-element-b26d622 e-con-full e-flex e-con e-child\" data-id=\"b26d622\" data-element_type=\"container\" data-e-type=\"container\" data-settings=\"{&quot;background_background&quot;:&quot;classic&quot;}\">\n\t\t\t\t<div class=\"elementor-element elementor-element-69a5b66 elementor-widget elementor-widget-heading\" data-id=\"69a5b66\" data-element_type=\"widget\" data-e-type=\"widget\" data-widget_type=\"heading.default\">\n\t\t\t\t<div class=\"elementor-widget-container\">\n\t\t\t\t\t<h2 class=\"elementor-heading-title elementor-size-default\">Consejos \u00fatiles, novedades. <\/h2>\t\t\t\t<\/div>\n\t\t\t\t<\/div>\n\t\t\t\t<\/div>\n\t\t<div class=\"elementor-element elementor-element-b9400cc e-con-full e-flex e-con e-child\" data-id=\"b9400cc\" data-element_type=\"container\" data-e-type=\"container\">\n\t\t\t\t<div class=\"elementor-element elementor-element-7d58195 elementor-align-justify elementor-widget elementor-widget-button\" data-id=\"7d58195\" data-element_type=\"widget\" data-e-type=\"widget\" data-widget_type=\"button.default\">\n\t\t\t\t<div class=\"elementor-widget-container\">\n\t\t\t\t\t\t\t\t\t<div class=\"elementor-button-wrapper\">\n\t\t\t\t\t<a class=\"elementor-button elementor-button-link elementor-size-sm\" href=\"#\">\n\t\t\t\t\t\t<span class=\"elementor-button-content-wrapper\">\n\t\t\t\t\t\t<span class=\"elementor-button-icon\">\n\t\t\t\t<i aria-hidden=\"true\" class=\"fab fa-whatsapp\"><\/i>\t\t\t<\/span>\n\t\t\t\t\t\t\t\t\t<span class=\"elementor-button-text\">SOLICITE PRESUPUESTO<\/span>\n\t\t\t\t\t<\/span>\n\t\t\t\t\t<\/a>\n\t\t\t\t<\/div>\n\t\t\t\t\t\t\t\t<\/div>\n\t\t\t\t<\/div>\n\t\t\t\t<\/div>\n\t\t\t\t\t<\/div>\n\t\t\t\t<\/div>\n\t\t\t\t\t<\/div>\n\t\t\t\t<\/div>\n\t\t<div class=\"elementor-element elementor-element-14eb1ffc e-flex e-con-boxed e-con e-parent\" data-id=\"14eb1ffc\" data-element_type=\"container\" data-e-type=\"container\">\n\t\t\t\t\t<div class=\"e-con-inner\">\n\t\t\t\t<div class=\"elementor-element elementor-element-7d0d661 elementor-grid-eael-col-3 elementor-grid-tablet-eael-col-2 elementor-grid-mobile-eael-col-1 elementor-widget elementor-widget-eael-post-grid\" data-id=\"7d0d661\" data-element_type=\"widget\" data-e-type=\"widget\" data-settings=\"{&quot;eael_post_grid_columns&quot;:&quot;eael-col-3&quot;,&quot;eael_post_grid_columns_tablet&quot;:&quot;eael-col-2&quot;,&quot;eael_post_grid_columns_mobile&quot;:&quot;eael-col-1&quot;}\" data-widget_type=\"eael-post-grid.default\">\n\t\t\t\t<div class=\"elementor-widget-container\">\n\t\t\t\t\t<div id=\"eael-post-grid-7d0d661\" class=\"eael-post-grid-container\">\n            <div class=\"eael-post-grid eael-post-appender eael-post-appender-7d0d661 eael-post-grid-style-two\" data-layout-mode=\"grid\"><article class=\"eael-grid-post  eael-post-grid-column eael-pg-post-1500 category-interes-general\" data-id=\"1500\">\n    <div class=\"eael-grid-post-holder\">\n        <div class=\"eael-grid-post-holder-inner\"><div class=\"eael-entry-media\"><div class=\"eael-entry-overlay fade-in\"><i class=\"fas fa-long-arrow-alt-right\" aria-hidden=\"true\"><\/i><a href=\"https:\/\/guia-pilar.ar\/domus\/tendencias-en-diseno-de-interiores-como-modernizar-tu-hogar\/\"><\/a><\/div><div class=\"eael-entry-thumbnail \">\n                            <img fetchpriority=\"high\" decoding=\"async\" width=\"600\" height=\"400\" src=\"https:\/\/guia-pilar.ar\/domus\/wp-content\/uploads\/2024\/12\/pexels-photo-914890.webp\" class=\"attachment-full size-full wp-image-1501\" alt=\"\" srcset=\"https:\/\/guia-pilar.ar\/domus\/wp-content\/uploads\/2024\/12\/pexels-photo-914890.webp 600w, https:\/\/guia-pilar.ar\/domus\/wp-content\/uploads\/2024\/12\/pexels-photo-914890-64x43.webp 64w, https:\/\/guia-pilar.ar\/domus\/wp-content\/uploads\/2024\/12\/pexels-photo-914890-300x200.webp 300w\" sizes=\"(max-width: 600px) 100vw, 600px\" \/>\n                            <\/div>\n                    <\/div><div class=\"eael-entry-wrapper\"><header class=\"eael-entry-header\"><h2 class=\"eael-entry-title\"><a class=\"eael-grid-post-link\" href=\"https:\/\/guia-pilar.ar\/domus\/tendencias-en-diseno-de-interiores-como-modernizar-tu-hogar\/\" title=\"Tendencias en Dise\u00f1o de Interiores: C\u00f3mo Modernizar tu Hogar\">Tendencias en Dise\u00f1o de Interiores: C\u00f3mo Modernizar tu Hogar<\/a><\/h2><\/header><div class=\"eael-entry-content\">\n                                <div class=\"eael-grid-post-excerpt\"><p>Te contamos cu\u00e1les son las tendencias actuales para renovar tu...<\/p><a href=\"https:\/\/guia-pilar.ar\/domus\/tendencias-en-diseno-de-interiores-como-modernizar-tu-hogar\/\" class=\"eael-post-elements-readmore-btn\">Leer m\u00e1s<\/a><\/div>\n                            <\/div><div class=\"eael-entry-header-after style-two\"><div class=\"eael-entry-meta\"><span class=\"eael-meta-posted-on\"><i class=\"far fa-clock\"><\/i><time datetime=\"8 diciembre, 2024\">8 diciembre, 2024<\/time><\/span><\/div><\/div><\/div><\/div>\n    <\/div>\n<\/article><article class=\"eael-grid-post  eael-post-grid-column eael-pg-post-1497 category-interes-general\" data-id=\"1497\">\n    <div class=\"eael-grid-post-holder\">\n        <div class=\"eael-grid-post-holder-inner\"><div class=\"eael-entry-media\"><div class=\"eael-entry-overlay fade-in\"><i class=\"fas fa-long-arrow-alt-right\" aria-hidden=\"true\"><\/i><a href=\"https:\/\/guia-pilar.ar\/domus\/nuevas-bicisendas-en-martinez-movilidad-sostenible-y-calidad-de-vida\/\"><\/a><\/div><div class=\"eael-entry-thumbnail \">\n                            <img decoding=\"async\" width=\"612\" height=\"409\" src=\"https:\/\/guia-pilar.ar\/domus\/wp-content\/uploads\/2024\/12\/istockphoto-618835038-612x612-1.jpg\" class=\"attachment-full size-full wp-image-1499\" alt=\"\" srcset=\"https:\/\/guia-pilar.ar\/domus\/wp-content\/uploads\/2024\/12\/istockphoto-618835038-612x612-1.jpg 612w, https:\/\/guia-pilar.ar\/domus\/wp-content\/uploads\/2024\/12\/istockphoto-618835038-612x612-1-600x401.jpg 600w, https:\/\/guia-pilar.ar\/domus\/wp-content\/uploads\/2024\/12\/istockphoto-618835038-612x612-1-64x43.jpg 64w, https:\/\/guia-pilar.ar\/domus\/wp-content\/uploads\/2024\/12\/istockphoto-618835038-612x612-1-300x200.jpg 300w\" sizes=\"(max-width: 612px) 100vw, 612px\" \/>\n                            <\/div>\n                    <\/div><div class=\"eael-entry-wrapper\"><header class=\"eael-entry-header\"><h2 class=\"eael-entry-title\"><a class=\"eael-grid-post-link\" href=\"https:\/\/guia-pilar.ar\/domus\/nuevas-bicisendas-en-martinez-movilidad-sostenible-y-calidad-de-vida\/\" title=\"Nuevas Bicisendas en Mart\u00ednez: Movilidad Sostenible y Calidad de Vida\">Nuevas Bicisendas en Mart\u00ednez: Movilidad Sostenible y Calidad de Vida<\/a><\/h2><\/header><div class=\"eael-entry-content\">\n                                <div class=\"eael-grid-post-excerpt\"><p>Exploramos los proyectos de bicisendas en Mart\u00ednez y su impacto...<\/p><a href=\"https:\/\/guia-pilar.ar\/domus\/nuevas-bicisendas-en-martinez-movilidad-sostenible-y-calidad-de-vida\/\" class=\"eael-post-elements-readmore-btn\">Leer m\u00e1s<\/a><\/div>\n                            <\/div><div class=\"eael-entry-header-after style-two\"><div class=\"eael-entry-meta\"><span class=\"eael-meta-posted-on\"><i class=\"far fa-clock\"><\/i><time datetime=\"8 diciembre, 2024\">8 diciembre, 2024<\/time><\/span><\/div><\/div><\/div><\/div>\n    <\/div>\n<\/article><article class=\"eael-grid-post  eael-post-grid-column eael-pg-post-1494 category-interes-general\" data-id=\"1494\">\n    <div class=\"eael-grid-post-holder\">\n        <div class=\"eael-grid-post-holder-inner\"><div class=\"eael-entry-media\"><div class=\"eael-entry-overlay fade-in\"><i class=\"fas fa-long-arrow-alt-right\" aria-hidden=\"true\"><\/i><a href=\"https:\/\/guia-pilar.ar\/domus\/5-claves-para-mantener-tu-espacio-verde-perfecto-todo-el-ano\/\"><\/a><\/div><div class=\"eael-entry-thumbnail \">\n                            <img decoding=\"async\" width=\"600\" height=\"400\" src=\"https:\/\/guia-pilar.ar\/domus\/wp-content\/uploads\/2024\/12\/14023219.jpeg\" class=\"attachment-full size-full wp-image-1495\" alt=\"\" srcset=\"https:\/\/guia-pilar.ar\/domus\/wp-content\/uploads\/2024\/12\/14023219.jpeg 600w, https:\/\/guia-pilar.ar\/domus\/wp-content\/uploads\/2024\/12\/14023219-64x43.jpeg 64w, https:\/\/guia-pilar.ar\/domus\/wp-content\/uploads\/2024\/12\/14023219-300x200.jpeg 300w\" sizes=\"(max-width: 600px) 100vw, 600px\" \/>\n                            <\/div>\n                    <\/div><div class=\"eael-entry-wrapper\"><header class=\"eael-entry-header\"><h2 class=\"eael-entry-title\"><a class=\"eael-grid-post-link\" href=\"https:\/\/guia-pilar.ar\/domus\/5-claves-para-mantener-tu-espacio-verde-perfecto-todo-el-ano\/\" title=\"5 Claves para Mantener tu Espacio Verde Perfecto Todo el A\u00f1o\">5 Claves para Mantener tu Espacio Verde Perfecto Todo el A\u00f1o<\/a><\/h2><\/header><div class=\"eael-entry-content\">\n                                <div class=\"eael-grid-post-excerpt\"><p>Descubr\u00ed consejos pr\u00e1cticos para cuidar tu jard\u00edn en Zona Norte,...<\/p><a href=\"https:\/\/guia-pilar.ar\/domus\/5-claves-para-mantener-tu-espacio-verde-perfecto-todo-el-ano\/\" class=\"eael-post-elements-readmore-btn\">Leer m\u00e1s<\/a><\/div>\n                            <\/div><div class=\"eael-entry-header-after style-two\"><div class=\"eael-entry-meta\"><span class=\"eael-meta-posted-on\"><i class=\"far fa-clock\"><\/i><time datetime=\"8 diciembre, 2024\">8 diciembre, 2024<\/time><\/span><\/div><\/div><\/div><\/div>\n    <\/div>\n<\/article><\/div>\n            <div class=\"clearfix\"><\/div>\n        <\/div>\t\t\t\t<\/div>\n\t\t\t\t<\/div>\n\t\t\t\t\t<\/div>\n\t\t\t\t<\/div>\n\t\t<div class=\"elementor-element elementor-element-4aa65c05 e-con-full e-flex e-con e-parent\" data-id=\"4aa65c05\" data-element_type=\"container\" data-e-type=\"container\" data-settings=\"{&quot;background_background&quot;:&quot;classic&quot;}\">\n\t\t\t\t<div class=\"elementor-element elementor-element-311307d8 elementor-widget elementor-widget-heading\" data-id=\"311307d8\" data-element_type=\"widget\" data-e-type=\"widget\" data-widget_type=\"heading.default\">\n\t\t\t\t<div class=\"elementor-widget-container\">\n\t\t\t\t\t<h3 class=\"elementor-heading-title elementor-size-default\">Cont\u00e1ctenos hoy mismo<\/h3>\t\t\t\t<\/div>\n\t\t\t\t<\/div>\n\t\t\t\t<div class=\"elementor-element elementor-element-14b54edd elementor-align-center elementor-widget elementor-widget-button\" data-id=\"14b54edd\" data-element_type=\"widget\" data-e-type=\"widget\" data-widget_type=\"button.default\">\n\t\t\t\t<div class=\"elementor-widget-container\">\n\t\t\t\t\t\t\t\t\t<div class=\"elementor-button-wrapper\">\n\t\t\t\t\t<a class=\"elementor-button elementor-button-link elementor-size-sm\" href=\"#\">\n\t\t\t\t\t\t<span class=\"elementor-button-content-wrapper\">\n\t\t\t\t\t\t\t\t\t<span class=\"elementor-button-text\">Contacto v\u00eda WhatsAppp<\/span>\n\t\t\t\t\t<\/span>\n\t\t\t\t\t<\/a>\n\t\t\t\t<\/div>\n\t\t\t\t\t\t\t\t<\/div>\n\t\t\t\t<\/div>\n\t\t\t\t<\/div>\n\t\t\t\t<\/div>\n\t\t","protected":false},"excerpt":{"rendered":"<p>Blog Consejos \u00fatiles, novedades. SOLICITE PRESUPUESTO Tendencias en Dise\u00f1o de Interiores: C\u00f3mo Modernizar tu Hogar Te contamos cu\u00e1les son las tendencias actuales para renovar tu&#8230; Leer m\u00e1s 8 diciembre, 2024 Nuevas Bicisendas en Mart\u00ednez: Movilidad Sostenible y Calidad de Vida Exploramos los proyectos de bicisendas en Mart\u00ednez y su impacto&#8230; Leer m\u00e1s 8 diciembre, 2024 [&hellip;]<\/p>\n","protected":false},"author":2,"featured_media":0,"parent":0,"menu_order":0,"comment_status":"closed","ping_status":"closed","template":"","meta":{"site-sidebar-layout":"no-sidebar","site-content-layout":"","ast-site-content-layout":"full-width-container","site-content-style":"default","site-sidebar-style":"default","ast-global-header-display":"","ast-banner-title-visibility":"","ast-main-header-display":"","ast-hfb-above-header-display":"","ast-hfb-below-header-display":"","ast-hfb-mobile-header-display":"","site-post-title":"disabled","ast-breadcrumbs-content":"","ast-featured-img":"disabled","footer-sml-layout":"","ast-disable-related-posts":"","theme-transparent-header-meta":"default","adv-header-id-meta":"","stick-header-meta":"","header-above-stick-meta":"","header-main-stick-meta":"","header-below-stick-meta":"","astra-migrate-meta-layouts":"set","ast-page-background-enabled":"default","ast-page-background-meta":{"desktop":{"background-color":"var(--ast-global-color-4)","background-image":"","background-repeat":"repeat","background-position":"center center","background-size":"auto","background-attachment":"scroll","background-type":"","background-media":"","overlay-type":"","overlay-color":"","overlay-opacity":"","overlay-gradient":""},"tablet":{"background-color":"","background-image":"","background-repeat":"repeat","background-position":"center center","background-size":"auto","background-attachment":"scroll","background-type":"","background-media":"","overlay-type":"","overlay-color":"","overlay-opacity":"","overlay-gradient":""},"mobile":{"background-color":"","background-image":"","background-repeat":"repeat","background-position":"center center","background-size":"auto","background-attachment":"scroll","background-type":"","background-media":"","overlay-type":"","overlay-color":"","overlay-opacity":"","overlay-gradient":""}},"ast-content-background-meta":{"desktop":{"background-color":"var(--ast-global-color-5)","background-image":"","background-repeat":"repeat","background-position":"center center","background-size":"auto","background-attachment":"scroll","background-type":"","background-media":"","overlay-type":"","overlay-color":"","overlay-opacity":"","overlay-gradient":""},"tablet":{"background-color":"var(--ast-global-color-5)","background-image":"","background-repeat":"repeat","background-position":"center center","background-size":"auto","background-attachment":"scroll","background-type":"","background-media":"","overlay-type":"","overlay-color":"","overlay-opacity":"","overlay-gradient":""},"mobile":{"background-color":"var(--ast-global-color-5)","background-image":"","background-repeat":"repeat","background-position":"center center","background-size":"auto","background-attachment":"scroll","background-type":"","background-media":"","overlay-type":"","overlay-color":"","overlay-opacity":"","overlay-gradient":""}},"_joinchat":[],"footnotes":""},"class_list":["post-15","page","type-page","status-publish","hentry"],"_links":{"self":[{"href":"https:\/\/guia-pilar.ar\/domus\/wp-json\/wp\/v2\/pages\/15","targetHints":{"allow":["GET"]}}],"collection":[{"href":"https:\/\/guia-pilar.ar\/domus\/wp-json\/wp\/v2\/pages"}],"about":[{"href":"https:\/\/guia-pilar.ar\/domus\/wp-json\/wp\/v2\/types\/page"}],"author":[{"embeddable":true,"href":"https:\/\/guia-pilar.ar\/domus\/wp-json\/wp\/v2\/users\/2"}],"replies":[{"embeddable":true,"href":"https:\/\/guia-pilar.ar\/domus\/wp-json\/wp\/v2\/comments?post=15"}],"version-history":[{"count":37,"href":"https:\/\/guia-pilar.ar\/domus\/wp-json\/wp\/v2\/pages\/15\/revisions"}],"predecessor-version":[{"id":1548,"href":"https:\/\/guia-pilar.ar\/domus\/wp-json\/wp\/v2\/pages\/15\/revisions\/1548"}],"wp:attachment":[{"href":"https:\/\/guia-pilar.ar\/domus\/wp-json\/wp\/v2\/media?parent=15"}],"curies":[{"name":"wp","href":"https:\/\/api.w.org\/{rel}","templated":true}]}}